{"id":9265,"date":"2023-10-12T06:10:35","date_gmt":"2023-10-12T06:10:35","guid":{"rendered":"https:\/\/maxem.io\/?page_id=9265"},"modified":"2024-06-11T07:16:04","modified_gmt":"2024-06-11T07:16:04","slug":"intellectueel-eigendom","status":"publish","type":"page","link":"https:\/\/maxem.io\/nl\/juridisch\/intellectueel-eigendom\/","title":{"rendered":"Intellectueel eigendom"},"content":{"rendered":"\n\t\t<div id=\"fws_69d0ffec4ab17\"  data-column-margin=\"default\" data-midnight=\"dark\"  class=\"wpb_row vc_row-fluid vc_row\"  style=\"padding-top: 0px; padding-bottom: 0px; \"><div class=\"row-bg-wrap\" data-bg-animation=\"none\" data-bg-animation-delay=\"\" data-bg-overlay=\"false\"><div class=\"inner-wrap row-bg-layer\" ><div class=\"row-bg viewport-desktop\"  style=\"\"><\/div><\/div><\/div><div class=\"row_col_wrap_12 col span_12 dark left\">\n\t<div  class=\"vc_col-sm-12 wpb_column column_container vc_column_container col no-extra-padding inherit_tablet inherit_phone \"  data-padding-pos=\"all\" data-has-bg-color=\"false\" data-bg-color=\"\" data-bg-opacity=\"1\" data-animation=\"\" data-delay=\"0\" >\n\t\t<div class=\"vc_column-inner\" >\n\t\t\t<div class=\"wpb_wrapper\">\n\t\t\t\t\n<div class=\"wpb_text_column wpb_content_element \" >\n\t<p><a href=\"https:\/\/maxem.io\/juridisch\/\">&lt; Juridische informatie<\/a><\/p>\n<\/div>\n\n\n\n\n<div class=\"wpb_text_column wpb_content_element \" >\n\t<h1>Intellectueel eigendom<\/h1>\n<\/div>\n\n\n\n\n<div class=\"wpb_text_column wpb_content_element \" >\n\t<h4>ONZE NAAM EN ONS LOGO<\/h4>\n<p>Om elk verwarring te voorkomen, mogen de naam, het logo en andere handelsmerken (zoals Maxem) van Maxem Energy Solutions B.V. niet zonder onze uitdrukkelijke schriftelijke toestemming worden gebruikt om een product, entiteit of idee te ondersteunen, tenzij dit is toegestaan op grond van het huidige merkenrecht. Eventuele vragen over het gebruik van het beeld- of woordmerk kunt u richten aan <a class=\"sub-policy\" href=\"mailto:sales@maxem.energy\" target=\"_blank\" rel=\"noopener\">sales@maxem.energy<\/a>.<\/p>\n<\/div>\n\n\n\n\n<div class=\"wpb_text_column wpb_content_element \" >\n\t<h4>ONGEVRAAGDE MATERIALEN\/IDEE\u00cbN<\/h4>\n<p>Maxem en haar werknemers accepteren of overwegen geen ongevraagde materialen of idee\u00ebn, inclusief idee\u00ebn voor nieuwe of verbeterde technologie\u00ebn, processen, diensten, materialen, promoties of marketingplannen. Het doel van dit beleid is om mogelijke misverstanden of geschillen te voorkomen voor het geval uw idee\u00ebn lijken op de idee\u00ebn die Maxem onafhankelijk heeft ontwikkeld of momenteel ontwikkelt.<\/p>\n<p>Stuur ons geen ongevraagde materialen, idee\u00ebn, concepten, suggesties of ander werk in welke vorm dan ook, tenzij Maxem en u dit vooraf zijn overeengekomen. Indien u toch iets instuurt, dan geldt dat, ongeacht het beleid en ongeacht hetgeen u in uw inzending vermeldt, u ermee instemt dat: (1) uw inzending door Maxem wordt gezien als niet-vertrouwelijk en vrij van eigendomsrechten; (2) Maxem niet verplicht is om uw inzending te bekijken; en (3) Maxem deze inzending of inhoud voor welk doel dan ook mag gebruiken, met inbegrip van, maar niet beperkt tot, het ontwikkelen en verhandelen van producten en diensten, zonder enige aansprakelijkheid jegens u en zonder enige vergoeding aan u verschuldigd te zijn.<\/p>\n<p>Maxem aanvaardt geen verantwoordelijkheid voor ongevraagde materialen of idee\u00ebn die naar ons worden gestuurd.<\/p>\n<\/div>\n\n\n\n\n\t\t\t<\/div> \n\t\t<\/div>\n\t<\/div> \n<\/div><\/div>\n","protected":false},"excerpt":{"rendered":"&lt; Juridische informatie Intellectueel eigendom ONZE NAAM EN ONS LOGO Om elk verwarring te voorkomen, mogen de naam, het logo en andere handelsmerken (zoals Maxem) van Maxem Energy Solutions B.V....","protected":false},"author":1,"featured_media":0,"parent":8966,"menu_order":0,"comment_status":"closed","ping_status":"closed","template":"","meta":{"content-type":"","footnotes":""},"class_list":["post-9265","page","type-page","status-publish"],"yoast_head":"<!-- This site is optimized with the Yoast SEO plugin v27.3 - https:\/\/yoast.com\/product\/yoast-seo-wordpress\/ -->\n<title>Intellectueel eigendom &#8211; Maxem<\/title>\n<meta name=\"robots\" content=\"index, follow, max-snippet:-1, max-image-preview:large, max-video-preview:-1\" \/>\n<link rel=\"canonical\" href=\"https:\/\/maxem.io\/nl\/juridisch\/intellectueel-eigendom\/\" \/>\n<meta property=\"og:locale\" content=\"nl_NL\" \/>\n<meta property=\"og:type\" content=\"article\" \/>\n<meta property=\"og:title\" content=\"Intellectueel eigendom &#8211; Maxem\" \/>\n<meta property=\"og:url\" content=\"https:\/\/maxem.io\/nl\/juridisch\/intellectueel-eigendom\/\" \/>\n<meta property=\"og:site_name\" content=\"Maxem\" \/>\n<meta property=\"article:modified_time\" content=\"2024-06-11T07:16:04+00:00\" \/>\n<meta name=\"twitter:card\" content=\"summary_large_image\" \/>\n<meta name=\"twitter:label1\" content=\"Geschatte leestijd\" \/>\n\t<meta name=\"twitter:data1\" content=\"2 minuten\" \/>\n<script type=\"application\/ld+json\" class=\"yoast-schema-graph\">{\"@context\":\"https:\\\/\\\/schema.org\",\"@graph\":[{\"@type\":\"WebPage\",\"@id\":\"https:\\\/\\\/maxem.io\\\/nl\\\/juridisch\\\/intellectueel-eigendom\\\/\",\"url\":\"https:\\\/\\\/maxem.io\\\/nl\\\/juridisch\\\/intellectueel-eigendom\\\/\",\"name\":\"Intellectueel eigendom &#8211; Maxem\",\"isPartOf\":{\"@id\":\"https:\\\/\\\/maxem.io\\\/nl\\\/#website\"},\"datePublished\":\"2023-10-12T06:10:35+00:00\",\"dateModified\":\"2024-06-11T07:16:04+00:00\",\"breadcrumb\":{\"@id\":\"https:\\\/\\\/maxem.io\\\/nl\\\/juridisch\\\/intellectueel-eigendom\\\/#breadcrumb\"},\"inLanguage\":\"nl-NL\",\"potentialAction\":[{\"@type\":\"ReadAction\",\"target\":[\"https:\\\/\\\/maxem.io\\\/nl\\\/juridisch\\\/intellectueel-eigendom\\\/\"]}]},{\"@type\":\"BreadcrumbList\",\"@id\":\"https:\\\/\\\/maxem.io\\\/nl\\\/juridisch\\\/intellectueel-eigendom\\\/#breadcrumb\",\"itemListElement\":[{\"@type\":\"ListItem\",\"position\":1,\"name\":\"Home\",\"item\":\"https:\\\/\\\/maxem.io\\\/nl\\\/\"},{\"@type\":\"ListItem\",\"position\":2,\"name\":\"Juridisch\",\"item\":\"https:\\\/\\\/maxem.io\\\/nl\\\/juridisch\\\/\"},{\"@type\":\"ListItem\",\"position\":3,\"name\":\"Intellectueel eigendom\"}]},{\"@type\":\"WebSite\",\"@id\":\"https:\\\/\\\/maxem.io\\\/nl\\\/#website\",\"url\":\"https:\\\/\\\/maxem.io\\\/nl\\\/\",\"name\":\"Maxem\",\"description\":\"Together we enable a zero emission future.\",\"publisher\":{\"@id\":\"https:\\\/\\\/maxem.io\\\/nl\\\/#organization\"},\"potentialAction\":[{\"@type\":\"SearchAction\",\"target\":{\"@type\":\"EntryPoint\",\"urlTemplate\":\"https:\\\/\\\/maxem.io\\\/nl\\\/?s={search_term_string}\"},\"query-input\":{\"@type\":\"PropertyValueSpecification\",\"valueRequired\":true,\"valueName\":\"search_term_string\"}}],\"inLanguage\":\"nl-NL\"},{\"@type\":\"Organization\",\"@id\":\"https:\\\/\\\/maxem.io\\\/nl\\\/#organization\",\"name\":\"Maxem\u00ae\",\"url\":\"https:\\\/\\\/maxem.io\\\/nl\\\/\",\"logo\":{\"@type\":\"ImageObject\",\"inLanguage\":\"nl-NL\",\"@id\":\"https:\\\/\\\/maxem.io\\\/nl\\\/#\\\/schema\\\/logo\\\/image\\\/\",\"url\":\"https:\\\/\\\/maxem.io\\\/wp-content\\\/uploads\\\/2018\\\/06\\\/maxem-logo-e1615838856665.png\",\"contentUrl\":\"https:\\\/\\\/maxem.io\\\/wp-content\\\/uploads\\\/2018\\\/06\\\/maxem-logo-e1615838856665.png\",\"width\":776,\"height\":156,\"caption\":\"Maxem\u00ae\"},\"image\":{\"@id\":\"https:\\\/\\\/maxem.io\\\/nl\\\/#\\\/schema\\\/logo\\\/image\\\/\"},\"sameAs\":[\"https:\\\/\\\/www.linkedin.com\\\/company\\\/maxem-energy\\\/\"]}]}<\/script>\n<!-- \/ Yoast SEO plugin. -->","yoast_head_json":{"title":"Intellectueel eigendom &#8211; Maxem","robots":{"index":"index","follow":"follow","max-snippet":"max-snippet:-1","max-image-preview":"max-image-preview:large","max-video-preview":"max-video-preview:-1"},"canonical":"https:\/\/maxem.io\/nl\/juridisch\/intellectueel-eigendom\/","og_locale":"nl_NL","og_type":"article","og_title":"Intellectueel eigendom &#8211; Maxem","og_url":"https:\/\/maxem.io\/nl\/juridisch\/intellectueel-eigendom\/","og_site_name":"Maxem","article_modified_time":"2024-06-11T07:16:04+00:00","twitter_card":"summary_large_image","twitter_misc":{"Geschatte leestijd":"2 minuten"},"schema":{"@context":"https:\/\/schema.org","@graph":[{"@type":"WebPage","@id":"https:\/\/maxem.io\/nl\/juridisch\/intellectueel-eigendom\/","url":"https:\/\/maxem.io\/nl\/juridisch\/intellectueel-eigendom\/","name":"Intellectueel eigendom &#8211; Maxem","isPartOf":{"@id":"https:\/\/maxem.io\/nl\/#website"},"datePublished":"2023-10-12T06:10:35+00:00","dateModified":"2024-06-11T07:16:04+00:00","breadcrumb":{"@id":"https:\/\/maxem.io\/nl\/juridisch\/intellectueel-eigendom\/#breadcrumb"},"inLanguage":"nl-NL","potentialAction":[{"@type":"ReadAction","target":["https:\/\/maxem.io\/nl\/juridisch\/intellectueel-eigendom\/"]}]},{"@type":"BreadcrumbList","@id":"https:\/\/maxem.io\/nl\/juridisch\/intellectueel-eigendom\/#breadcrumb","itemListElement":[{"@type":"ListItem","position":1,"name":"Home","item":"https:\/\/maxem.io\/nl\/"},{"@type":"ListItem","position":2,"name":"Juridisch","item":"https:\/\/maxem.io\/nl\/juridisch\/"},{"@type":"ListItem","position":3,"name":"Intellectueel eigendom"}]},{"@type":"WebSite","@id":"https:\/\/maxem.io\/nl\/#website","url":"https:\/\/maxem.io\/nl\/","name":"Maxem","description":"Together we enable a zero emission future.","publisher":{"@id":"https:\/\/maxem.io\/nl\/#organization"},"potentialAction":[{"@type":"SearchAction","target":{"@type":"EntryPoint","urlTemplate":"https:\/\/maxem.io\/nl\/?s={search_term_string}"},"query-input":{"@type":"PropertyValueSpecification","valueRequired":true,"valueName":"search_term_string"}}],"inLanguage":"nl-NL"},{"@type":"Organization","@id":"https:\/\/maxem.io\/nl\/#organization","name":"Maxem\u00ae","url":"https:\/\/maxem.io\/nl\/","logo":{"@type":"ImageObject","inLanguage":"nl-NL","@id":"https:\/\/maxem.io\/nl\/#\/schema\/logo\/image\/","url":"https:\/\/maxem.io\/wp-content\/uploads\/2018\/06\/maxem-logo-e1615838856665.png","contentUrl":"https:\/\/maxem.io\/wp-content\/uploads\/2018\/06\/maxem-logo-e1615838856665.png","width":776,"height":156,"caption":"Maxem\u00ae"},"image":{"@id":"https:\/\/maxem.io\/nl\/#\/schema\/logo\/image\/"},"sameAs":["https:\/\/www.linkedin.com\/company\/maxem-energy\/"]}]}},"jetpack_sharing_enabled":true,"jetpack-related-posts":[],"_links":{"self":[{"href":"https:\/\/maxem.io\/nl\/wp-json\/wp\/v2\/pages\/9265","targetHints":{"allow":["GET"]}}],"collection":[{"href":"https:\/\/maxem.io\/nl\/wp-json\/wp\/v2\/pages"}],"about":[{"href":"https:\/\/maxem.io\/nl\/wp-json\/wp\/v2\/types\/page"}],"author":[{"embeddable":true,"href":"https:\/\/maxem.io\/nl\/wp-json\/wp\/v2\/users\/1"}],"replies":[{"embeddable":true,"href":"https:\/\/maxem.io\/nl\/wp-json\/wp\/v2\/comments?post=9265"}],"version-history":[{"count":3,"href":"https:\/\/maxem.io\/nl\/wp-json\/wp\/v2\/pages\/9265\/revisions"}],"predecessor-version":[{"id":9422,"href":"https:\/\/maxem.io\/nl\/wp-json\/wp\/v2\/pages\/9265\/revisions\/9422"}],"up":[{"embeddable":true,"href":"https:\/\/maxem.io\/nl\/wp-json\/wp\/v2\/pages\/8966"}],"wp:attachment":[{"href":"https:\/\/maxem.io\/nl\/wp-json\/wp\/v2\/media?parent=9265"}],"curies":[{"name":"wp","href":"https:\/\/api.w.org\/{rel}","templated":true}]}}