{"id":8482,"date":"2022-05-17T10:07:37","date_gmt":"2022-05-17T10:07:37","guid":{"rendered":"https:\/\/maxem.io\/?page_id=8482"},"modified":"2024-06-11T07:22:14","modified_gmt":"2024-06-11T07:22:14","slug":"responsible-disclosure-policy","status":"publish","type":"page","link":"https:\/\/maxem.io\/nl\/juridisch\/responsible-disclosure-policy\/","title":{"rendered":"Responsible disclosure policy"},"content":{"rendered":"\n\t\t<div id=\"fws_69d38813a2cca\"  data-column-margin=\"default\" data-midnight=\"dark\"  class=\"wpb_row vc_row-fluid vc_row\"  style=\"padding-top: 0px; padding-bottom: 0px; \"><div class=\"row-bg-wrap\" data-bg-animation=\"none\" data-bg-animation-delay=\"\" data-bg-overlay=\"false\"><div class=\"inner-wrap row-bg-layer\" ><div class=\"row-bg viewport-desktop\"  style=\"\"><\/div><\/div><\/div><div class=\"row_col_wrap_12 col span_12 dark left\">\n\t<div  class=\"vc_col-sm-12 wpb_column column_container vc_column_container col no-extra-padding inherit_tablet inherit_phone \"  data-padding-pos=\"all\" data-has-bg-color=\"false\" data-bg-color=\"\" data-bg-opacity=\"1\" data-animation=\"\" data-delay=\"0\" >\n\t\t<div class=\"vc_column-inner\" >\n\t\t\t<div class=\"wpb_wrapper\">\n\t\t\t\t\n<div class=\"wpb_text_column wpb_content_element \" >\n\t<p><a href=\"https:\/\/maxem.io\/juridisch\/\">&lt; Juridische informatie<\/a><\/p>\n<\/div>\n\n\n\n\n<div class=\"wpb_text_column wpb_content_element \" >\n\t<h1>Responsible disclosure beleid<\/h1>\n<\/div>\n\n\n\n\n<div class=\"wpb_text_column wpb_content_element \" >\n\t<p>Bij Maxem vinden wij de veiligheid van onze systemen erg belangr\u0133k. Ondanks onze zorg voor de beveiliging van onze systemen kan het voorkomen dat er toch een zwakke plek is. Als je een zwakke plek in \u00e9\u00e9n van onze systemen hebt gevonden horen wij dit graag zodat we zo snel mogel\u0133k maatregelen kunnen treffen. Wij willen graag met je samenwerken om onze klanten en onze systemen beter te kunnen beschermen.<\/p>\n<\/div>\n\n\n\n\n<div class=\"wpb_text_column wpb_content_element \" >\n\t<h3>Wij vragen je<\/h3>\n<\/div>\n\n\n\n\n<div class=\"wpb_text_column wpb_content_element \" >\n\t<ul>\n<li aria-level=\"1\">Bevindingen te mailen naar <a href=\"mailto:security@maxem.io\">security@maxem.io<\/a>. Versleutel je bevindingen met onze <a href=\"https:\/\/flowcrypt.com\/pub\/developer@maxem.io\" target=\"_blank\" rel=\"noopener\">PGP key<\/a> om te voorkomen dat de informatie in verkeerde handen valt,<\/li>\n<li aria-level=\"1\">Het probleem niet te misbruiken door bijvoorbeeld meer data te downloaden dan nodig is om het lek aan te tonen of gegevens van derden in te kijken, verwijderen of aanpassen,<\/li>\n<li aria-level=\"1\">Het probleem niet met anderen te delen totdat het is opgelost en alle vertrouwelijke gegevens die zijn verkregen via het lek direct na het dichten van het lek te wissen,<\/li>\n<li aria-level=\"1\">Geen gebruik te maken van aanvallen op fysieke beveiliging, social engineering, distributed denial of service, spam of applicaties van derden, en<\/li>\n<li aria-level=\"1\">Voldoende informatie te geven om het probleem te reproduceren zodat wij het zo snel mogelijk kunnen oplossen. Meestal is het IP-adres of de URL van het getroffen systeem en een omschrijving van de kwetsbaarheid voldoende, maar bij complexere kwetsbaarheden kan meer nodig zijn.<\/li>\n<\/ul>\n<\/div>\n\n\n\n\n<div class=\"wpb_text_column wpb_content_element \" >\n\t<h3>Wat wij beloven<\/h3>\n<\/div>\n\n\n\n\n<div class=\"wpb_text_column wpb_content_element \" >\n\t<ul>\n<li aria-level=\"1\">Wij reageren binnen 3 dagen op je melding met onze beoordeling van de melding en een verwachte datum voor een oplossing,<\/li>\n<li aria-level=\"1\">Als jij je aan bovenstaande voorwaarden hebt gehouden zullen wij geen juridische stappen tegen je ondernemen betreffende de melding,<\/li>\n<li aria-level=\"1\">Wij behandelen je melding vertrouwelijk en zullen je persoonlijke gegevens niet zonder jouw toestemming met derden delen tenzij dat noodzakelijk is om een wettelijke verplichting na te komen. Uiteraard is melden onder een pseudoniem mogelijk,<\/li>\n<li aria-level=\"1\">Wij houden je op de hoogte van de voortgang van het oplossen van het probleem,<\/li>\n<li aria-level=\"1\">In berichtgeving over het gemelde probleem zullen wij, indien je dit wenst, jouw naam vermelden als de ontdekker<\/li>\n<\/ul>\n<\/div>\n\n\n\n\n<div class=\"wpb_text_column wpb_content_element \" >\n\t<p>Wij streven er naar om alle problemen zo snel mogelijk op te lossen en wij worden graag betrokken bij een eventuele publicatie over het probleem nadat het is opgelost.<\/p>\n<\/div>\n\n\n\n\n\t\t\t<\/div> \n\t\t<\/div>\n\t<\/div> \n<\/div><\/div>\n","protected":false},"excerpt":{"rendered":"&lt; Juridische informatie Responsible disclosure beleid Bij Maxem vinden wij de veiligheid van onze systemen erg belangr\u0133k. Ondanks onze zorg voor de beveiliging van onze systemen kan het voorkomen dat...","protected":false},"author":1,"featured_media":0,"parent":8966,"menu_order":0,"comment_status":"closed","ping_status":"closed","template":"","meta":{"content-type":"","footnotes":""},"class_list":["post-8482","page","type-page","status-publish"],"yoast_head":"<!-- This site is optimized with the Yoast SEO plugin v27.3 - https:\/\/yoast.com\/product\/yoast-seo-wordpress\/ -->\n<title>Responsible disclosure policy &#8211; Maxem<\/title>\n<meta name=\"robots\" content=\"index, follow, max-snippet:-1, max-image-preview:large, max-video-preview:-1\" \/>\n<link rel=\"canonical\" href=\"https:\/\/www.maxem.io\/en\/juridisch\/responsible-disclosure-policy\/\" \/>\n<meta property=\"og:locale\" content=\"nl_NL\" \/>\n<meta property=\"og:type\" content=\"article\" \/>\n<meta property=\"og:title\" content=\"Responsible disclosure policy &#8211; Maxem\" \/>\n<meta property=\"og:url\" content=\"https:\/\/www.maxem.io\/en\/juridisch\/responsible-disclosure-policy\/\" \/>\n<meta property=\"og:site_name\" content=\"Maxem\" \/>\n<meta property=\"article:modified_time\" content=\"2024-06-11T07:22:14+00:00\" \/>\n<meta name=\"twitter:card\" content=\"summary_large_image\" \/>\n<meta name=\"twitter:label1\" content=\"Geschatte leestijd\" \/>\n\t<meta name=\"twitter:data1\" content=\"3 minuten\" \/>\n<script type=\"application\/ld+json\" class=\"yoast-schema-graph\">{\"@context\":\"https:\\\/\\\/schema.org\",\"@graph\":[{\"@type\":\"WebPage\",\"@id\":\"https:\\\/\\\/www.maxem.io\\\/en\\\/juridisch\\\/responsible-disclosure-policy\\\/\",\"url\":\"https:\\\/\\\/www.maxem.io\\\/en\\\/juridisch\\\/responsible-disclosure-policy\\\/\",\"name\":\"Responsible disclosure policy &#8211; Maxem\",\"isPartOf\":{\"@id\":\"https:\\\/\\\/www.maxem.io\\\/nl\\\/#website\"},\"datePublished\":\"2022-05-17T10:07:37+00:00\",\"dateModified\":\"2024-06-11T07:22:14+00:00\",\"breadcrumb\":{\"@id\":\"https:\\\/\\\/www.maxem.io\\\/en\\\/juridisch\\\/responsible-disclosure-policy\\\/#breadcrumb\"},\"inLanguage\":\"nl-NL\",\"potentialAction\":[{\"@type\":\"ReadAction\",\"target\":[\"https:\\\/\\\/www.maxem.io\\\/en\\\/juridisch\\\/responsible-disclosure-policy\\\/\"]}]},{\"@type\":\"BreadcrumbList\",\"@id\":\"https:\\\/\\\/www.maxem.io\\\/en\\\/juridisch\\\/responsible-disclosure-policy\\\/#breadcrumb\",\"itemListElement\":[{\"@type\":\"ListItem\",\"position\":1,\"name\":\"Home\",\"item\":\"https:\\\/\\\/www.maxem.io\\\/nl\\\/\"},{\"@type\":\"ListItem\",\"position\":2,\"name\":\"Juridisch\",\"item\":\"https:\\\/\\\/www.maxem.io\\\/nl\\\/juridisch\\\/\"},{\"@type\":\"ListItem\",\"position\":3,\"name\":\"Responsible disclosure policy\"}]},{\"@type\":\"WebSite\",\"@id\":\"https:\\\/\\\/www.maxem.io\\\/nl\\\/#website\",\"url\":\"https:\\\/\\\/www.maxem.io\\\/nl\\\/\",\"name\":\"Maxem\",\"description\":\"Together we enable a zero emission future.\",\"publisher\":{\"@id\":\"https:\\\/\\\/www.maxem.io\\\/nl\\\/#organization\"},\"potentialAction\":[{\"@type\":\"SearchAction\",\"target\":{\"@type\":\"EntryPoint\",\"urlTemplate\":\"https:\\\/\\\/www.maxem.io\\\/nl\\\/?s={search_term_string}\"},\"query-input\":{\"@type\":\"PropertyValueSpecification\",\"valueRequired\":true,\"valueName\":\"search_term_string\"}}],\"inLanguage\":\"nl-NL\"},{\"@type\":\"Organization\",\"@id\":\"https:\\\/\\\/www.maxem.io\\\/nl\\\/#organization\",\"name\":\"Maxem\u00ae\",\"url\":\"https:\\\/\\\/www.maxem.io\\\/nl\\\/\",\"logo\":{\"@type\":\"ImageObject\",\"inLanguage\":\"nl-NL\",\"@id\":\"https:\\\/\\\/www.maxem.io\\\/nl\\\/#\\\/schema\\\/logo\\\/image\\\/\",\"url\":\"https:\\\/\\\/maxem.io\\\/wp-content\\\/uploads\\\/2018\\\/06\\\/maxem-logo-e1615838856665.png\",\"contentUrl\":\"https:\\\/\\\/maxem.io\\\/wp-content\\\/uploads\\\/2018\\\/06\\\/maxem-logo-e1615838856665.png\",\"width\":776,\"height\":156,\"caption\":\"Maxem\u00ae\"},\"image\":{\"@id\":\"https:\\\/\\\/www.maxem.io\\\/nl\\\/#\\\/schema\\\/logo\\\/image\\\/\"},\"sameAs\":[\"https:\\\/\\\/www.linkedin.com\\\/company\\\/maxem-energy\\\/\"]}]}<\/script>\n<!-- \/ Yoast SEO plugin. -->","yoast_head_json":{"title":"Responsible disclosure policy &#8211; Maxem","robots":{"index":"index","follow":"follow","max-snippet":"max-snippet:-1","max-image-preview":"max-image-preview:large","max-video-preview":"max-video-preview:-1"},"canonical":"https:\/\/www.maxem.io\/en\/juridisch\/responsible-disclosure-policy\/","og_locale":"nl_NL","og_type":"article","og_title":"Responsible disclosure policy &#8211; Maxem","og_url":"https:\/\/www.maxem.io\/en\/juridisch\/responsible-disclosure-policy\/","og_site_name":"Maxem","article_modified_time":"2024-06-11T07:22:14+00:00","twitter_card":"summary_large_image","twitter_misc":{"Geschatte leestijd":"3 minuten"},"schema":{"@context":"https:\/\/schema.org","@graph":[{"@type":"WebPage","@id":"https:\/\/www.maxem.io\/en\/juridisch\/responsible-disclosure-policy\/","url":"https:\/\/www.maxem.io\/en\/juridisch\/responsible-disclosure-policy\/","name":"Responsible disclosure policy &#8211; Maxem","isPartOf":{"@id":"https:\/\/www.maxem.io\/nl\/#website"},"datePublished":"2022-05-17T10:07:37+00:00","dateModified":"2024-06-11T07:22:14+00:00","breadcrumb":{"@id":"https:\/\/www.maxem.io\/en\/juridisch\/responsible-disclosure-policy\/#breadcrumb"},"inLanguage":"nl-NL","potentialAction":[{"@type":"ReadAction","target":["https:\/\/www.maxem.io\/en\/juridisch\/responsible-disclosure-policy\/"]}]},{"@type":"BreadcrumbList","@id":"https:\/\/www.maxem.io\/en\/juridisch\/responsible-disclosure-policy\/#breadcrumb","itemListElement":[{"@type":"ListItem","position":1,"name":"Home","item":"https:\/\/www.maxem.io\/nl\/"},{"@type":"ListItem","position":2,"name":"Juridisch","item":"https:\/\/www.maxem.io\/nl\/juridisch\/"},{"@type":"ListItem","position":3,"name":"Responsible disclosure policy"}]},{"@type":"WebSite","@id":"https:\/\/www.maxem.io\/nl\/#website","url":"https:\/\/www.maxem.io\/nl\/","name":"Maxem","description":"Together we enable a zero emission future.","publisher":{"@id":"https:\/\/www.maxem.io\/nl\/#organization"},"potentialAction":[{"@type":"SearchAction","target":{"@type":"EntryPoint","urlTemplate":"https:\/\/www.maxem.io\/nl\/?s={search_term_string}"},"query-input":{"@type":"PropertyValueSpecification","valueRequired":true,"valueName":"search_term_string"}}],"inLanguage":"nl-NL"},{"@type":"Organization","@id":"https:\/\/www.maxem.io\/nl\/#organization","name":"Maxem\u00ae","url":"https:\/\/www.maxem.io\/nl\/","logo":{"@type":"ImageObject","inLanguage":"nl-NL","@id":"https:\/\/www.maxem.io\/nl\/#\/schema\/logo\/image\/","url":"https:\/\/maxem.io\/wp-content\/uploads\/2018\/06\/maxem-logo-e1615838856665.png","contentUrl":"https:\/\/maxem.io\/wp-content\/uploads\/2018\/06\/maxem-logo-e1615838856665.png","width":776,"height":156,"caption":"Maxem\u00ae"},"image":{"@id":"https:\/\/www.maxem.io\/nl\/#\/schema\/logo\/image\/"},"sameAs":["https:\/\/www.linkedin.com\/company\/maxem-energy\/"]}]}},"jetpack_sharing_enabled":true,"jetpack-related-posts":[],"_links":{"self":[{"href":"https:\/\/maxem.io\/nl\/wp-json\/wp\/v2\/pages\/8482","targetHints":{"allow":["GET"]}}],"collection":[{"href":"https:\/\/maxem.io\/nl\/wp-json\/wp\/v2\/pages"}],"about":[{"href":"https:\/\/maxem.io\/nl\/wp-json\/wp\/v2\/types\/page"}],"author":[{"embeddable":true,"href":"https:\/\/maxem.io\/nl\/wp-json\/wp\/v2\/users\/1"}],"replies":[{"embeddable":true,"href":"https:\/\/maxem.io\/nl\/wp-json\/wp\/v2\/comments?post=8482"}],"version-history":[{"count":15,"href":"https:\/\/maxem.io\/nl\/wp-json\/wp\/v2\/pages\/8482\/revisions"}],"predecessor-version":[{"id":9427,"href":"https:\/\/maxem.io\/nl\/wp-json\/wp\/v2\/pages\/8482\/revisions\/9427"}],"up":[{"embeddable":true,"href":"https:\/\/maxem.io\/nl\/wp-json\/wp\/v2\/pages\/8966"}],"wp:attachment":[{"href":"https:\/\/maxem.io\/nl\/wp-json\/wp\/v2\/media?parent=8482"}],"curies":[{"name":"wp","href":"https:\/\/api.w.org\/{rel}","templated":true}]}}